{"id":141,"date":"2024-08-02T15:16:36","date_gmt":"2024-08-02T13:16:36","guid":{"rendered":"https:\/\/p60.es\/?page_id=141"},"modified":"2025-04-08T19:08:41","modified_gmt":"2025-04-08T17:08:41","slug":"impuesto-renta","status":"publish","type":"page","link":"https:\/\/p60.es\/en\/impuesto-renta\/","title":{"rendered":"Income tax"},"content":{"rendered":"<p>[et_pb_section fb_built=\u00bb1&#8243; next_background_color=\u00bb#ffffff\u00bb _builder_version=\u00bb4.27.0&#8243; _module_preset=\u00bbdefault\u00bb background_enable_color=\u00bboff\u00bb use_background_color_gradient=\u00bbon\u00bb background_color_gradient_direction=\u00bb90deg\u00bb background_color_gradient_stops=\u00bbrgba(0,0,0,0.5) 0%|rgba(255,255,255,0) 100%\u00bb background_image=\u00bbhttps:\/\/p60.es\/wp-content\/uploads\/2024\/08\/servicio-fiscal-contable-3.jpg\u00bb background_blend=\u00bboverlay\u00bb min_height=\u00bb70vh\u00bb bottom_divider_style=\u00bbcurve2&#8243; bottom_divider_height=\u00bb30px\u00bb global_colors_info=\u00bb{}\u00bb][et_pb_row column_structure=\u00bb3_5,2_5&#8243; make_equal=\u00bbon\u00bb _builder_version=\u00bb4.27.0&#8243; _module_preset=\u00bbdefault\u00bb min_height=\u00bb65vh\u00bb global_colors_info=\u00bb{}\u00bb][et_pb_column type=\u00bb3_5&#8243; _builder_version=\u00bb4.27.0&#8243; _module_preset=\u00bbdefault\u00bb custom_padding=\u00bb||||false|false\u00bb custom_css_main_element=\u00bbmargin: auto;\u00bb global_colors_info=\u00bb{}\u00bb][et_pb_text _builder_version=\u00bb4.27.0&#8243; _module_preset=\u00bbdefault\u00bb text_font=\u00bb|600|||||||\u00bb text_text_color=\u00bb#F5F5F5&#8243; text_font_size=\u00bb1rem\u00bb text_line_height=\u00bb1.6rem\u00bb header_font=\u00bb|600|||||||\u00bb header_font_size=\u00bb3rem\u00bb header_line_height=\u00bb3.4rem\u00bb background_layout=\u00bbdark\u00bb global_colors_info=\u00bb{}\u00bb]<\/p>\n<p>Oficinas en Mijas Costa y Torremolinos<\/p>\n<h1>Impuesto sobre la Renta<\/h1>\n<p>[\/et_pb_text][et_pb_button button_url=\u00bb#detalles\u00bb button_text=\u00bbSaber m\u00e1s\u00bb _builder_version=\u00bb4.27.0&#8243; _module_preset=\u00bbdefault\u00bb global_colors_info=\u00bb{}\u00bb][\/et_pb_button][\/et_pb_column][et_pb_column type=\u00bb2_5&#8243; _builder_version=\u00bb4.27.0&#8243; _module_preset=\u00bbdefault\u00bb global_colors_info=\u00bb{}\u00bb][\/et_pb_column][\/et_pb_row][\/et_pb_section][et_pb_section fb_built=\u00bb1&#8243; module_id=\u00bbdetalles\u00bb _builder_version=\u00bb4.27.0&#8243; _module_preset=\u00bbdefault\u00bb custom_padding=\u00bb5vh||5vh||true|false\u00bb global_colors_info=\u00bb{}\u00bb][et_pb_row _builder_version=\u00bb4.27.0&#8243; _module_preset=\u00bbdefault\u00bb global_colors_info=\u00bb{}\u00bb][et_pb_column type=\u00bb4_4&#8243; _builder_version=\u00bb4.27.0&#8243; _module_preset=\u00bbdefault\u00bb global_colors_info=\u00bb{}\u00bb][et_pb_text _builder_version=\u00bb4.27.4&#8243; _module_preset=\u00bbdefault\u00bb hover_enabled=\u00bb0&#8243; global_colors_info=\u00bb{}\u00bb sticky_enabled=\u00bb0&#8243;]<\/p>\n<h2>Impuesto sobre la renta de no residentes<\/h2>\n<p>Somos especialistas en la gesti\u00f3n del impuesto sobre la renta de no residentes en Espa\u00f1a, ofrecemos:<\/p>\n<p>&nbsp;<\/p>\n<ul>\n<li>Atenci\u00f3n personalizada en despacho.<\/li>\n<li>Informaci\u00f3n al cliente de sus obligaciones tributarias y plazos.<\/li>\n<li>Recopilaci\u00f3n de documentaci\u00f3n e informaci\u00f3n para ver las f\u00f3rmulas m\u00e1s ventajosas.<\/li>\n<li>Confecci\u00f3n y tramitaci\u00f3n de documentos\/ impuestos ante organismos p\u00fablicos.<\/li>\n<li>Atenci\u00f3n de requerimientos de la Agencia Tributaria.<\/li>\n<li>Traducci\u00f3n de documentos.<\/li>\n<\/ul>\n<p>[\/et_pb_text][et_pb_text _builder_version=\u00bb4.27.0&#8243; _module_preset=\u00bbdefault\u00bb global_colors_info=\u00bb{}\u00bb]<\/p>\n<h2>Impuesto sobre la renta de las personas f\u00edsicas<\/h2>\n<p>Somos especialistas en la gesti\u00f3n del impuesto sobre la renta, esto incluye:<\/p>\n<p>&nbsp;<\/p>\n<ul>\n<li>\u00a0Asesoramiento relativo a la obligaci\u00f3n de declarar bienes en el extranjero (Modelo 720)<\/li>\n<li>Asesoramiento declaraci\u00f3n criptomonedas<\/li>\n<li>Atenci\u00f3n personalizada en despacho y estudio de cada caso de forma particular.<\/li>\n<li>Informaci\u00f3n al cliente de sus obligaciones tributarias.<\/li>\n<li>Recopilaci\u00f3n de documentaci\u00f3n e informaci\u00f3n para ver las f\u00f3rmulas m\u00e1s ventajosas.<\/li>\n<li>Confecci\u00f3n y tramitaci\u00f3n de documentos\/ impuestos ante organismos.<\/li>\n<li>Atenci\u00f3n de requerimientos de la Agencia Tributaria.<\/li>\n<li>Obtenci\u00f3n de certificados de residencia fiscal.<\/li>\n<li>Traducci\u00f3n de documentos.<\/li>\n<\/ul>\n<p>[\/et_pb_text][\/et_pb_column][\/et_pb_row][\/et_pb_section]<\/p>\n","protected":false},"excerpt":{"rendered":"<p>Oficinas en Mijas Costa y Torremolinos Impuesto sobre la RentaImpuesto sobre la renta de no residentes Somos especialistas en la gesti\u00f3n del impuesto sobre la renta de no residentes en Espa\u00f1a, ofrecemos: &nbsp; Atenci\u00f3n personalizada en despacho. Informaci\u00f3n al cliente de sus obligaciones tributarias y plazos. Recopilaci\u00f3n de documentaci\u00f3n e informaci\u00f3n para ver las f\u00f3rmulas [&hellip;]<\/p>\n","protected":false},"author":1,"featured_media":0,"parent":0,"menu_order":0,"comment_status":"closed","ping_status":"closed","template":"","meta":{"_et_pb_use_builder":"on","_et_pb_old_content":"","_et_gb_content_width":"","footnotes":""},"class_list":["post-141","page","type-page","status-publish","hentry"],"_links":{"self":[{"href":"https:\/\/p60.es\/en\/wp-json\/wp\/v2\/pages\/141","targetHints":{"allow":["GET"]}}],"collection":[{"href":"https:\/\/p60.es\/en\/wp-json\/wp\/v2\/pages"}],"about":[{"href":"https:\/\/p60.es\/en\/wp-json\/wp\/v2\/types\/page"}],"author":[{"embeddable":true,"href":"https:\/\/p60.es\/en\/wp-json\/wp\/v2\/users\/1"}],"replies":[{"embeddable":true,"href":"https:\/\/p60.es\/en\/wp-json\/wp\/v2\/comments?post=141"}],"version-history":[{"count":5,"href":"https:\/\/p60.es\/en\/wp-json\/wp\/v2\/pages\/141\/revisions"}],"predecessor-version":[{"id":200,"href":"https:\/\/p60.es\/en\/wp-json\/wp\/v2\/pages\/141\/revisions\/200"}],"wp:attachment":[{"href":"https:\/\/p60.es\/en\/wp-json\/wp\/v2\/media?parent=141"}],"curies":[{"name":"wp","href":"https:\/\/api.w.org\/{rel}","templated":true}]}}