{"id":15,"date":"2022-09-27T16:52:45","date_gmt":"2022-09-27T14:52:45","guid":{"rendered":"https:\/\/p60.es\/?page_id=15"},"modified":"2022-09-27T17:22:17","modified_gmt":"2022-09-27T15:22:17","slug":"politica-de-cookies","status":"publish","type":"page","link":"https:\/\/p60.es\/en\/politica-de-cookies\/","title":{"rendered":"Cookies policy"},"content":{"rendered":"<p>Una Cookie es un fichero que se descarga en su ordenador al acceder a determinadas p\u00e1ginas web. Las cookies permiten a una p\u00e1gina web, entre otras cosas, almacenar y recuperar informaci\u00f3n sobre los h\u00e1bitos de navegaci\u00f3n de un usuario o de su equipo y, dependiendo de la informaci\u00f3n que contenga y de la forma en que utilice su equipo, pueden utilizarse para reconocer al usuario.<\/p>\n\n\n\n<p>Conforme a lo dispuesto en el art\u00edculo 22.2 de la Ley 34\/2002, de 11 de julio, de Servicios de la Sociedad de la Informaci\u00f3n y de Comercio Electr\u00f3nico (LSSI-CE) vigente, P-60 Accountants, S.L., viene a cumplir sus obligaciones de informaci\u00f3n sobre las cookies que utiliza y sus finalidades.<\/p>\n\n\n\n<p>El presente sitio web no utiliza cookies para recoger informaci\u00f3n de los usuarios. \u00danicamente se utilizan cookies propias, con finalidad t\u00e9cnica (las cookies t\u00e9cnicas permiten al usuario la navegaci\u00f3n a trav\u00e9s del sitio web y la utilizaci\u00f3n de las diferentes opciones y servicios que en ella existen).<\/p>\n\n\n\n<p>En caso de que este sitio web, del que es titular P-60 Accountants, S.L. dispusiera de enlaces a sitios web de terceros, tal y como le indic\u00e1bamos en el Aviso Legal, se tratar\u00eda de p\u00e1ginas web pertenecientes y\/o gestionadas por terceros, que no pertenecen a P-60 Accountants, S.L. Si usted como usuario web, accede a tales sitios web puede decidir si aceptar sus pol\u00edticas de privacidad, as\u00ed como de cookies.<\/p>\n\n\n\n<p>Con car\u00e1cter general, cuando navega por internet usted puede aceptar o rechazar las cookies de terceros desde las opciones de configuraci\u00f3n de su navegador.<\/p>\n\n\n\n<p>Usted tiene la posibilidad de configurar su navegador para restringir, bloquear o borrar las cookies de cualquier p\u00e1gina web. Cada navegador es diferente, por lo que a continuaci\u00f3n, le proporcionamos los enlaces de diversos navegadores, a trav\u00e9s de los cuales podr\u00e1 realizar dicha configuraci\u00f3n:<\/p>\n\n\n\n<ul class=\"wp-block-list\"><li>Firefox desde aqu\u00ed: <em>https:\/\/support.mozilla.org\/es\/kb\/Borrar%20cookies<\/em><\/li><li>Chrome desde aqu\u00ed: <em>http:\/\/support.google.com\/chrome\/bin\/answer.py?hl=es&amp;answer=95647<\/em><\/li><li>Explorer desde aqu\u00ed: <em>https:\/\/support.microsoft.com\/es- es\/help\/17442\/windows-internet-explorer-delete-manage-cookies#ie=<\/em><\/li><li>Microsoft Edge desde aqu\u00ed: <em>https:\/\/support.microsoft.com\/es- es\/help\/4468242\/microsoft-edge-browsing-data-and-privacy<\/em><\/li><li>Safari desde aqu\u00ed: <em>http:\/\/support.apple.com\/kb\/ph5042<\/em><\/li><\/ul>\n\n\n\n<p>Opera desde aqu\u00ed: <em>http:\/\/help.opera.com\/Windows\/11.50\/es-ES\/cookies.html<\/em><\/p>","protected":false},"excerpt":{"rendered":"<p>Una Cookie es un fichero que se descarga en su ordenador al acceder a determinadas p\u00e1ginas web. Las cookies permiten a una p\u00e1gina web, entre otras cosas, almacenar y recuperar informaci\u00f3n sobre los h\u00e1bitos de navegaci\u00f3n de un usuario o de su equipo y, dependiendo de la informaci\u00f3n que contenga y de la forma en [&hellip;]<\/p>\n","protected":false},"author":1,"featured_media":0,"parent":0,"menu_order":0,"comment_status":"closed","ping_status":"closed","template":"","meta":{"_et_pb_use_builder":"off","_et_pb_old_content":"","_et_gb_content_width":"","footnotes":""},"class_list":["post-15","page","type-page","status-publish","hentry"],"_links":{"self":[{"href":"https:\/\/p60.es\/en\/wp-json\/wp\/v2\/pages\/15","targetHints":{"allow":["GET"]}}],"collection":[{"href":"https:\/\/p60.es\/en\/wp-json\/wp\/v2\/pages"}],"about":[{"href":"https:\/\/p60.es\/en\/wp-json\/wp\/v2\/types\/page"}],"author":[{"embeddable":true,"href":"https:\/\/p60.es\/en\/wp-json\/wp\/v2\/users\/1"}],"replies":[{"embeddable":true,"href":"https:\/\/p60.es\/en\/wp-json\/wp\/v2\/comments?post=15"}],"version-history":[{"count":2,"href":"https:\/\/p60.es\/en\/wp-json\/wp\/v2\/pages\/15\/revisions"}],"predecessor-version":[{"id":24,"href":"https:\/\/p60.es\/en\/wp-json\/wp\/v2\/pages\/15\/revisions\/24"}],"wp:attachment":[{"href":"https:\/\/p60.es\/en\/wp-json\/wp\/v2\/media?parent=15"}],"curies":[{"name":"wp","href":"https:\/\/api.w.org\/{rel}","templated":true}]}}