{"id":17,"date":"2022-09-27T17:01:56","date_gmt":"2022-09-27T15:01:56","guid":{"rendered":"https:\/\/p60.es\/?page_id=17"},"modified":"2022-09-27T17:20:57","modified_gmt":"2022-09-27T15:20:57","slug":"aviso-legal","status":"publish","type":"page","link":"https:\/\/p60.es\/en\/aviso-legal\/","title":{"rendered":"Legal notice"},"content":{"rendered":"<p><strong>Titular del sitio web<\/strong><\/p>\n\n\n\n<p>Gracias por elegir P-60 Accountants, S.L.. En este apartado se incluye informaci\u00f3n sobre las condiciones de acceso y utilizaci\u00f3n de este sitio web que deben ser conocidas por el usuario, a los efectos previstos en la Ley 34\/2002, de 11 de julio, de servicios de la sociedad de la informaci\u00f3n y de comercio electr\u00f3nico.<\/p>\n\n\n\n<p>El titular de este sitio web y prestador de servicios de la sociedad de la informaci\u00f3n es P-60 Accountants, S.L., con domicilio social en C.C. Valdepinos Local 23-24 &#8211; Urb Calypso 29649 Mijas Costa, con N.I.F. B92242015. Inscrita en el Registro Mercantil de M\u00e1laga en el tomo 2924, libro 1837, folio 217, hoja MA-52716, inscripci\u00f3n 1a y correo electr\u00f3nico: info@p60.es<\/p>\n\n\n\n<p>Esta informaci\u00f3n legal se completa con la <a href=\"https:\/\/p60.es\/en\/politica-de-privacidad\/\">pol\u00edtica de privacidad<\/a> y la <a href=\"https:\/\/p60.es\/en\/politica-de-cookies\/\">pol\u00edtica de cookies<\/a> publicadas en este sitio. Para cualquier consulta o contacto con nuestra entidad, los usuarios podr\u00e1n comunicarse a trav\u00e9s de este correo electr\u00f3nico info@p60.es y\/o a trav\u00e9s del siguiente n\u00famero de tel\u00e9fono 952935723<\/p>\n\n\n\n<p>La actividad desarrollada y la prestaci\u00f3n de servicios de P-60 Accountants, S.L., se califica como profesi\u00f3n regulada amparada por los siguientes Colegios Profesionales:<\/p>\n\n\n\n<p>\u2022 El Colegio Oficial de Administradores de Fincas de M\u00e1laga y Melilla, as\u00ed como por el Consejo General de Colegios de Administradores de Fincas, acogidos y amparados a sus C\u00f3digos deontol\u00f3gicos y a sus Estatutos generales, consultables en www.cafmalaga.es y en www.cgcafe.org<\/p>\n\n\n\n<p>Profesional Colegiado:<\/p>\n\n\n\n<p>Maria Deseada Ruiz Pinazo, Licenciada en en Administraci\u00f3n y Direcci\u00f3n de Empresas (Universidad de M\u00e1laga)<\/p>\n\n\n\n<p>N\u00famero de Colegiado: 3772<\/p>\n\n\n\n<ul class=\"wp-block-list\"><li>El Colegio Profesional de Economistas de M\u00e1laga, acogido y amparado a sus C\u00f3digos deontol\u00f3gicos y a sus Estatutos generales, consultables en www.economistasmalaga.com Profesional Colegiado: o Maria Deseada Ruiz Pinazo, Licenciada en en Administraci\u00f3n y Direcci\u00f3n de Empresas (Universidad de M\u00e1laga) N\u00famero de Colegiado: 2147<\/li><li>El Colegio Oficial de Graduados Sociales de M\u00e1laga y Melilla, acogido y amparado a sus C\u00f3digos deontol\u00f3gicos y a sus Estatutos generales, consultables en www.graduadosociales.com Profesional Colegiado: o Rocio Astorga Castillo, Graduado Social Diplomado (Universidad Complutense de Madrid) N\u00famero de Colegiado: 1918 <strong>Condiciones de uso<\/strong> Los nombres de dominio <em>p60.es <\/em>son titularidad de <em>P-60 Accountants, S.L. <\/em>y su uso exclusivo est\u00e1 reservado a \u00e9ste. El portal oficial de P-60 Accountants, S.L. es www.p60.es, y tiene por objeto facilitar al p\u00fablico, en general, el conocimiento de las actividades que nuestra empresa realizay de los productos y servicios que presta.<\/li><\/ul>\n\n\n\n<p>Le rogamos que lea las Condiciones de Uso atentamente. El acceso y uso de este Sitio Web, es responsabilidad exclusiva de los usuarios, y supone aceptar y conocer las advertencias legales, condiciones y t\u00e9rminos de uso contenidos en ella, sin perjuicio de aquellas particulares que pudieran aplicarse a algunos de los servicios concretos ofrecidos a trav\u00e9s del sitio Web. En caso de no estar de acuerdo con todo o parte de estas condiciones y t\u00e9rminos, el Usuario debe abstenerse de utilizar el Sitio Web.<\/p>\n\n\n\n<p><strong>Compromisos de los usuarios<\/strong><\/p>\n\n\n\n<p>Para poder usar y navegar los sitios web de P-60 Accountants, S.L., el Usuario debe:<\/p>\n\n\n\n<p>a) tener 16 o m\u00e1s a\u00f1os, o tener 14 y contar con el consentimiento paterno o de su tutor a estos t\u00e9rminos<\/p>\n\n\n\n<p>b) tener capacidad para otorgar un contrato vinculante con nosotros y que ninguna ley aplicable lo proh\u00edba,<\/p>\n\n\n\n<p>c) ser residente en Espa\u00f1a.<\/p>\n\n\n\n<p>Toda la informaci\u00f3n que facilite el usuario a trav\u00e9s de los servicios deber\u00e1 ser veraz. A estos efectos el usuario garantiza la autenticidad de todos aquellos datos que comunique como consecuencia de la utilizaci\u00f3n de determinados servicios. De igual forma, ser\u00e1 responsabilidad del usuario, mantener toda la informaci\u00f3n facilitada a P- 60 Accountants, S.L., permanentemente actualizada de forma que responda, en cada momento a la situaci\u00f3n real del usuario.<\/p>\n\n\n\n<p>El Usuario se compromete a la correcta utilizaci\u00f3n de la web y utilidades que se le proporcionen conforme a la ley, el presente Aviso Legal, y las instrucciones y avisos que se le comuniquen.<\/p>\n\n\n\n<p>El Usuario se obliga al uso exclusivo de la web, y todos sus contenidos, para fines l\u00edcitos y no prohibidos, que no infrinjan la legalidad vigente y\/o puedan resultar lesivosde los derechos leg\u00edtimos de P-60 Accountants, S.L. o de cualquier tercero, y\/o que puedan<\/p>\n\n\n\n<p>causar cualquier da\u00f1o o perjuicio de forma directa o indirecta.<\/p>\n\n\n\n<p>A tal efecto, el Usuario se abstendr\u00e1 de utilizar cualquiera de los contenidos del sitio web con fines o efectos il\u00edcitos, prohibidos en el presente Aviso Legal, lesivos de los derechos e intereses de terceros o que, de cualquier forma, puedan da\u00f1ar, inutilizar, sobrecargar, deteriorar o impedir la normal utilizaci\u00f3n de la web, los equipos inform\u00e1ticos o los documentos, archivos y toda clase de contenidos almacenados en cualquier equipo inform\u00e1tico de P-60 Accountants, S.L., de otros Usuarios o de cualquier usuario de Internet.<\/p>\n\n\n\n<p>A modo de aclaraci\u00f3n, dentro de la expresi\u00f3n \u00bb contenidos o contenidos del sitio web\u00bb se comprenden (sin que esta enumeraci\u00f3n tenga car\u00e1cter limitativo) los datos, textos, gr\u00e1ficos, im\u00e1genes, animaciones, creaciones musicales, v\u00eddeos, sonidos, dibujos, fotograf\u00edas y otros incluidos en el mismo, y, en general, todas las creaciones expresadas por cualquier medio o soporte, tangible o intangible con independencia de que sean susceptibles o no de propiedad intelectual e industrial de acuerdo con las normas vigentes aplicables.<\/p>\n\n\n\n<p><strong>Propiedad intelectual e industrial<\/strong><\/p>\n\n\n\n<p>Todos los elementos que forman el sitio Web, textos, im\u00e1genes, contenidos, as\u00ed como su estructura, dise\u00f1o, c\u00f3digo fuente, logos, marcas y dem\u00e1s signos distintivos que aparecen en la misma, son titularidad originaria o derivativamente de P-60 Accountants, S.L. o de sus colaboradores y est\u00e1n protegidos por los correspondientes derechos de propiedad intelectual e industrial.<\/p>\n\n\n\n<p>El uso o la concesi\u00f3n de acceso a la p\u00e1gina Web no comportan el otorgamiento de derecho alguno sobre las marcas, nombres comerciales o cualquier otro signo distintivo que se utilicen en la misma. De tal modo su explotaci\u00f3n, uso, reproducci\u00f3n, distribuci\u00f3n, comunicaci\u00f3n p\u00fablica, transformaci\u00f3n o cualquier otra actividad similar o an\u00e1loga, queda totalmente prohibida salvo que medie previa y expresa autorizaci\u00f3n de P-60 Accountants, S.L.<\/p>\n\n\n\n<p>P-60 Accountants, S.L. proh\u00edbe expresamente la realizaci\u00f3n de \u201cframings\u201d o la utilizaci\u00f3n por parte de terceros de cualesquiera otros mecanismos que alteren el dise\u00f1o, configuraci\u00f3n original o contenidos de nuestros portales.<\/p>\n\n\n\n<p><strong>Responsabilidad<\/strong><\/p>\n\n\n\n<p>P-60 Accountants, S.L. no garantiza la inexistencia de errores en el acceso a la Web, en su contenido, ni que \u00e9ste se encuentre actualizado, aunque P-60 Accountants, S.L. realiza los m\u00e1ximos esfuerzos para, en su caso, evitarlos, subsanarlos o actualizarlos.<\/p>\n\n\n\n<p>Tanto el acceso a los portales de P-60 Accountants, S.L. como el uso que pueda hacerse de la informaci\u00f3n contenida en los mismos es de la exclusiva responsabilidad de quien lo realiza.<\/p>\n\n\n\n<p>P-60 Accountants, S.L. no se hace responsable de los posibles errores de seguridad que se puedan producir ni de los posibles da\u00f1os que puedan causarse al sistema inform\u00e1tico del Usuario (hardware y software), los ficheros o documentos almacenados en el mismo, como consecuencia de la presencia de virus en el ordenador del Usuario utilizado para la conexi\u00f3n a los servicios y contenidos de la Web, de un mal funcionamiento del navegador o del uso de versiones no actualizadas del mismo. Tampoco se hace responsable de los perjuicios que se pudieran derivar de interferencias, omisiones, interrupciones, aver\u00edas y\/o desconexiones en elfuncionamiento operativo del sistema electr\u00f3nico o en los aparatos y equipos inform\u00e1ticos de los Usuarios, motivadas por causas ajenas a P-60 Accountants, S.L.<\/p>\n\n\n\n<p>No obstante P-60 Accountants, S.L. declara que ha adoptado y adoptar\u00e1, en su caso, las medidas necesarias, para garantizar el correcto funcionamiento del Sitio Web y evitar cualquier da\u00f1o que a los Usuarios pudieran derivarse de la navegaci\u00f3n por sus sitios webs. En consecuencia, P-60 Accountants, S.L. no se hace responsable, en ning\u00fan caso, de los eventuales da\u00f1os que por la navegaci\u00f3n por Internet pudiera sufrir el Usuario.<\/p>\n\n\n\n<p>P-60 Accountants, S.L. no se hace responsable de la informaci\u00f3n y contenidos almacenados, a t\u00edtulo enunciativo, pero no limitativo, en foros, chats, blogs, comentarios, redes sociales o cualquier otro medio que permita a terceros publicar contenidos de forma independiente en la p\u00e1gina web de P-60 Accountants, S.L..<\/p>\n\n\n\n<p>No obstante, y en cumplimiento de lo dispuesto en la LSSI, P-60 Accountants, S.L. se pone a disposici\u00f3n de todos los usuarios, autoridades y fuerzas de seguridad, colaborando de forma activa en la retirada o en su caso bloqueo de todos aquellos contenidos que pudieran afectar o contravenir la legislaci\u00f3n nacional, o internacional, derechos de terceros o la moral y el orden p\u00fablico. En caso de que el usuario considere que existe en el sitio web alg\u00fan contenido que pudiera ser susceptible de esta clasificaci\u00f3n, rogamos se ponga en contacto con P-60 Accountants, S.L..<\/p>\n\n\n\n<p><strong>Links o hiperenlaces<\/strong><\/p>\n\n\n\n<p>El sitio web de P-60 Accountants, S.L. puede poner a disposici\u00f3n de los usuarios enlaces que permiten acceder a p\u00e1ginas web pertenecientes y\/o gestionadas por terceros. El objetivo de dichos enlaces es \u00fanicamente facilitarle la b\u00fasqueda y acceso de los recursos e informaci\u00f3n que le puedan interesar a trav\u00e9s de Internet. No obstante, dichas p\u00e1ginas no pertenecen a P-60 Accountants, S.L., del mismo modo que P-60 Accountants, S.L. no hace una revisi\u00f3n ni ejercita ning\u00fan tipo de control sobre sus contenidos y, por ello, P-60 Accountants, S.L. no asume ninguna responsabilidad por el contenido, informaciones o servicios que pudieran aparecer en dichos sitios, que tendr\u00e1n exclusivamente car\u00e1cter informativo y que en ning\u00fan caso implican relaci\u00f3n alguna entre P-60 Accountants, S.L. y a las personas o entidades titulares de tales contenidos o titulares de los sitios donde se encuentren. As\u00ed mismo, P-60 Accountants, S.L. tampoco puede hacerse responsable del funcionamiento, la disponibilidad t\u00e9cnica, exactitud, fiabilidad, veracidad, validez o legalidad de p\u00e1ginas ajenas a su propiedad a las que se pueda acceder por medio de los enlaces o de los posibles da\u00f1os que puedan derivarse del acceso o uso de la p\u00e1gina enlazada. Debido a que P-60 Accountants, S.L. no tiene control alguno sobre las p\u00e1ginas enlazadas a trav\u00e9s de los v\u00ednculos que se incorporan en el Sitio Web, el usuario asume bajo su<\/p>\n\n\n\n<p>exclusiva responsabilidad las consecuencias, da\u00f1os o acciones que pudieran derivarse del acceso a la p\u00e1gina web del hiperenlace, por tanto, P-60 Accountants, S.L. recomienda al usuario extremar la prudencia en la valoraci\u00f3n y utilizaci\u00f3n de la informaci\u00f3n, contenidos y servicios existentes en las p\u00e1ginas enlazadas.<\/p>\n\n\n\n<p>El establecimiento del enlace no implica, necesariamente, la existencia de relaciones entre P-60 Accountants, S.L. y el propietario de la p\u00e1gina web en la que se establezca, as\u00ed como tampoco, la aceptaci\u00f3n y aprobaci\u00f3n por parte de P-60 Accountants, S.L. de sus Contenidos o Servicios.<\/p>\n\n\n\n<p><strong>Uso de cookies<\/strong><\/p>\n\n\n\n<p>P-60 Accountants, S.L. puede utilizar cookies cuando un usuario navega por los sitios y p\u00e1ginas del sitio web.<br>Puede encontrar m\u00e1s informaci\u00f3n sobre las cookies que se utilizan y otra informaci\u00f3n de inter\u00e9s en nuestra Pol\u00edtica de Cookies (Establecer Hiperv\u00ednculo)<\/p>\n\n\n\n<p><strong>Protecci\u00f3n de datos de car\u00e1cter personal<\/strong><\/p>\n\n\n\n<p>P-60 Accountants, S.L. se obliga a cumplir la legislaci\u00f3n vigente en materia de protecci\u00f3n de datos personales de acuerdo con lo establecido en la Pol\u00edtica de Privacidad (Establecer Hiperv\u00ednculo)<\/p>\n\n\n\n<p><strong>Vigencia del presente texto<\/strong><\/p>\n\n\n\n<p>P-60 Accountants, S.L. se reserva el derecho a realizar las modificaciones que considere oportunas, sin aviso previo, en el contenido del sitio web, tanto en lo referente a los contenidos y configuraci\u00f3n de los sitios, como en las condiciones de uso de estos. Dichas modificaciones podr\u00e1n realizarse, a trav\u00e9s del sitio web, por cualquier forma admisible en derecho y ser\u00e1n de obligado cumplimiento durante el tiempo en que exclusivamente se encuentren publicadas y a disposici\u00f3n en los sitios web y hasta que no sean modificadas por otras posteriores.<\/p>\n\n\n\n<p>El usuario del sitio deber\u00e1 acceder a estas condiciones y t\u00e9rminos de forma peri\u00f3dica para conocer las sucesivas versiones que se incluyan aqu\u00ed, aunque se recomienda que el usuario lea las mismas cada vez que pretenda acceder o hacer uso de los servicios y contenidos del sitio web.<\/p>\n\n\n\n<p><strong>Legislaci\u00f3n aplicable y jurisdicci\u00f3n<\/strong><\/p>\n\n\n\n<p>La ley aplicable en caso de disputa o conflicto de interpretaci\u00f3n de los t\u00e9rminos que conforman este Aviso Legal, as\u00ed como cualquier cuesti\u00f3n relacionada con los servicios del presente portal, ser\u00e1 la normativa espa\u00f1ola vigente.<\/p>\n\n\n\n<p>Para la resoluci\u00f3n de cualquier conflicto que pueda surgir entre el Usuario y P-60 Accountants, S.L. con motivo de la visita al portal o del uso de los servicios que en \u00e9l se puedan ofertar, las partes se someter\u00e1n a los juzgados o tribunales de la localidad de M\u00e1laga.<\/p>","protected":false},"excerpt":{"rendered":"<p>Titular del sitio web Gracias por elegir P-60 Accountants, S.L.. En este apartado se incluye informaci\u00f3n sobre las condiciones de acceso y utilizaci\u00f3n de este sitio web que deben ser conocidas por el usuario, a los efectos previstos en la Ley 34\/2002, de 11 de julio, de servicios de la sociedad de la informaci\u00f3n y [&hellip;]<\/p>\n","protected":false},"author":1,"featured_media":0,"parent":0,"menu_order":0,"comment_status":"closed","ping_status":"closed","template":"","meta":{"_et_pb_use_builder":"off","_et_pb_old_content":"","_et_gb_content_width":"","footnotes":""},"class_list":["post-17","page","type-page","status-publish","hentry"],"_links":{"self":[{"href":"https:\/\/p60.es\/en\/wp-json\/wp\/v2\/pages\/17","targetHints":{"allow":["GET"]}}],"collection":[{"href":"https:\/\/p60.es\/en\/wp-json\/wp\/v2\/pages"}],"about":[{"href":"https:\/\/p60.es\/en\/wp-json\/wp\/v2\/types\/page"}],"author":[{"embeddable":true,"href":"https:\/\/p60.es\/en\/wp-json\/wp\/v2\/users\/1"}],"replies":[{"embeddable":true,"href":"https:\/\/p60.es\/en\/wp-json\/wp\/v2\/comments?post=17"}],"version-history":[{"count":2,"href":"https:\/\/p60.es\/en\/wp-json\/wp\/v2\/pages\/17\/revisions"}],"predecessor-version":[{"id":23,"href":"https:\/\/p60.es\/en\/wp-json\/wp\/v2\/pages\/17\/revisions\/23"}],"wp:attachment":[{"href":"https:\/\/p60.es\/en\/wp-json\/wp\/v2\/media?parent=17"}],"curies":[{"name":"wp","href":"https:\/\/api.w.org\/{rel}","templated":true}]}}