{"id":3,"date":"2022-05-19T14:17:48","date_gmt":"2022-05-19T12:17:48","guid":{"rendered":"https:\/\/p60.es\/?page_id=3"},"modified":"2022-09-27T17:23:42","modified_gmt":"2022-09-27T15:23:42","slug":"politica-de-privacidad","status":"publish","type":"page","link":"https:\/\/p60.es\/en\/politica-de-privacidad\/","title":{"rendered":"Privacy policy"},"content":{"rendered":"<p>En ocasiones, y por raz\u00f3n de nuestra actividad, P-60 Accountants, S.L., va a tratar datos de car\u00e1cter personal. En los siguientes apartados damos respuesta a algunas de las preguntas que pueden surgir en relaci\u00f3n a c\u00f3mo se tratan dichos datos, y cu\u00e1les son los compromisos que asume P-60 Accountants, S.L. a la hora de acceder, almacenar y disponer de la informaci\u00f3n que eventualmente pueda recabarse.<\/p>\n\n\n\n<p><strong>\u00bfQu\u00e9 normativa se aplica al tratamiento de datos de car\u00e1cter personal?<\/strong><\/p>\n\n\n\n<p>A estos efectos, nuestra actividad se rige por el Reglamento General de Protecci\u00f3n de Datos (RGPD), que es el Reglamento (UE) 2016\/679 del Parlamento y del Consejo, de 27 de abril de 2016, relativo a la protecci\u00f3n de las personas f\u00edsicas en lo que respecta al tratamiento de datos personales y a la libre circulaci\u00f3n de estos datos y por el que se deroga la Directiva 95\/46\/CE, as\u00ed como por lo dispuesto en la Ley Org\u00e1nica 3\/2018, de 5 de diciembre, de Protecci\u00f3n de Datos Personales y garant\u00eda de los derechos digitales, as\u00ed como al resto de disposiciones que existan y sean exigibles en esta materia.<\/p>\n\n\n\n<p><strong>\u00bfQui\u00e9n es el Responsable del tratamiento de los datos personales y c\u00f3mo puede contactar con el Responsable?<\/strong><\/p>\n\n\n\n<p>La presente Pol\u00edtica de Privacidad aplica a todos los datos de car\u00e1cter personal que el usuario aporte a trav\u00e9s de esta plataforma online (a trav\u00e9s de formularios) o por otras v\u00edas (por ejemplo, redes sociales). Por ello le informamos que el <strong>responsable del tratamiento <\/strong>de los datos de car\u00e1cter personal que nos pueda facilitar es:<\/p>\n\n\n\n<p>P-60 Accountants, S.L., con NIF B92242015 y con domicilio social en C.C. Valdepinos Local 23-24 &#8211; Urb Calypso 29649 Mijas Costa (M\u00e1laga).<\/p>\n\n\n\n<p>Puede contactar con P-60 Accountants, S.L., en su domicilio en C.C. Valdepinos Local 23-24 &#8211; Urb Calypso 29649 Mijas Costa (M\u00e1laga). Tambi\u00e9n puede contactar a trav\u00e9s del siguiente correo electr\u00f3nico info@p60.es<\/p>\n\n\n\n<p>En base al contenido de la Normativa de Privacidad vigente y al respeto que le debemos, usted debe garantizar que los datos proporcionados son verdaderos, exactos, completos y actualizados, siendo responsable de cualquier da\u00f1o o perjuicio, directo o indirecto, que pudiera ocasionarse como consecuencia del incumplimiento de tal obligaci\u00f3n tanto a P-60 Accountants, S.L., como a terceros.<\/p>\n\n\n\n<p><strong>\u00bfCu\u00e1ndo y por qu\u00e9 se tratan los datos personales del usuario web?<\/strong><\/p>\n\n\n\n<p>Se puede navegar en la p\u00e1gina sin necesidad de facilitar datos de car\u00e1cter personal, pero en algunos casos esta informaci\u00f3n es necesaria para proporcionarle la informaci\u00f3n que solicita.<\/p>\n\n\n\n<p>Si necesitamos recabar datos personales, P-60 Accountants, S.L., como responsable del tratamiento, solicitar\u00e1 con car\u00e1cter previo a la aportaci\u00f3n de sus datos de car\u00e1cter personal, su consentimiento expreso, cuando as\u00ed sea necesario. El objetivo de la Pol\u00edtica de Privacidad es dar transparencia a la informaci\u00f3n de c\u00f3mo tratamos sus datos y proteger la informaci\u00f3n en Internet y los datos que el usuario pueda introducir en la web.<\/p>\n\n\n\n<p><strong>\u00bfCon qu\u00e9 finalidad tratamos sus datos personales?<\/strong><\/p>\n\n\n\n<p>Los datos personales que se solicitan, o que nos sean facilitados, en raz\u00f3n de su navegaci\u00f3n, nos sirven para las finalidades que se indican a continuaci\u00f3n:<\/p>\n\n\n\n<ul class=\"wp-block-list\"><li>Trataremos sus datos personales para poder gestionar y responder las consultas que nos env\u00ede, solicitudes de servicio o bien de ampliaci\u00f3n de informaci\u00f3n general.<\/li><li>Trataremos sus datos personales para poder gestionar su participaci\u00f3n en procesos de selecci\u00f3n de personal, que se adapten a su perfil profesional y llevar a cabo las actuaciones necesarias para la selecci\u00f3n y contrataci\u00f3n de personal.<\/li><li>Trataremos sus datos para para enviarle comunicaciones electr\u00f3nicas en el caso de que as\u00ed nos lo solicitase.<\/li><li>Cuando se suscribe a nuestros boletines tambi\u00e9n solicitamos un correo electr\u00f3nico para poder prestarle el servicio, en cualquier caso, puede gestionar la baja del servicio cuando lo desee y ponemos medios a su disposici\u00f3n para hacerlo. <strong>\u00bfCu\u00e1l es la legitimaci\u00f3n para el tratamiento de sus datos personales?<\/strong> La <strong>base legal <\/strong>para que podamos realizar tratamiento de los datos personales que nos ha facilitado para la gesti\u00f3n de consultas y solicitudes y\/o para la gesti\u00f3n de procesos de selecci\u00f3n y\/o para el env\u00edo de comunicaciones comerciales, ser\u00e1 su <strong>consentimiento.<\/strong> No obstante, le informamos que en el momento de la recogida de datos le mantendremos informado sobre la identidad del responsable, la finalidad del tratamiento, la <strong>legitimaci\u00f3n para el tratamiento<\/strong>, los destinatarios de la informaci\u00f3n, la forma de llevar a cabo el ejercicio de los derechos que le otorga la legislaci\u00f3n vigente en protecci\u00f3n de datos, as\u00ed como cualquier informaci\u00f3n que la normativa de protecci\u00f3n de datos requiera. Para ello en cada uno de los formularios utilizados para recabar datos de car\u00e1cter personal, pondremos a su disposici\u00f3n la correspondiente cl\u00e1usula con toda la informaci\u00f3n necesaria, y en caso de requerir su consentimiento para el tratamiento, procederemos a solicit\u00e1rselo, siendo usted quien acepte o rechace el mismo, a trav\u00e9s de su manifestaci\u00f3n libre, espec\u00edfica, informada e inequ\u00edvoca. <strong>\u00bfA qui\u00e9n se dirigen nuestros servicios?<\/strong> Todos nuestros servicios se dirigen a mayores de 14 a\u00f1os, por lo que, aunque la p\u00e1gina no muestre material no apropiado, si eres menor te rogamos no rellenes el formulario de contacto.<\/li><\/ul>\n\n\n\n<p><strong>\u00bfC\u00f3mo se tratan sus datos? \u00bfA qui\u00e9n se comunican sus datos personales?<\/strong><\/p>\n\n\n\n<p>P-60 Accountants, S.L., recoge exclusivamente la informaci\u00f3n personal en la medida necesaria para alcanzar un prop\u00f3sito espec\u00edfico. La informaci\u00f3n no se utilizar\u00e1 para una finalidad incompatible con la descrita.<\/p>\n\n\n\n<p>P-60 Accountants, S.L. solamente revela la informaci\u00f3n a terceros si es necesaria para el cumplimiento de la finalidad del servicio y \u00fanicamente a las personas que deben conocerlos, o bien por obligaci\u00f3n legal. Todo ello al objeto de que se pueda prestar el servicio tratando sus datos personales con confidencialidad, integridad y reserva, conforme a la legislaci\u00f3n vigente.<\/p>\n\n\n\n<p>En todo caso, en P-60 Accountants, S.L. se adoptan medidas de seguridad para proteger los datos contra un posible abuso o acceso no autorizado, alteraci\u00f3n o p\u00e9rdida.<\/p>\n\n\n\n<p><strong>\u00bfCu\u00e1nto tiempo se almacenan y se tratan los datos recabados a trav\u00e9s de la web<\/strong>?<\/p>\n\n\n\n<p>El tiempo necesario para cumplir la finalidad de su recogida o de su procesamiento posterior inmediato. El periodo de conservaci\u00f3n de los datos depender\u00e1 del servicio y en cada servicio y formulario de recogida se indicar\u00e1 la duraci\u00f3n del tratamiento de datos personales. No obstante, le informamos a continuaci\u00f3n de la duraci\u00f3n del tratamiento en funci\u00f3n de las finalidades que le indic\u00e1bamos:<\/p>\n\n\n\n<ul class=\"wp-block-list\"><li>Los datos para la <strong>gesti\u00f3n de consultas y solicitudes <\/strong>se conservar\u00e1n durante el tiempo necesario para dar respuesta a los mismos, con un plazo m\u00e1ximo de un a\u00f1o, o bien hasta que usted nos comunique la revocaci\u00f3n de suconsentimiento.<\/li><li>Los datos para la gesti\u00f3n de <strong>procesos de selecci\u00f3n <\/strong>ser\u00e1n conservados hasta la adjudicaci\u00f3n de un puesto de trabajo o hasta que se finalicen los distintos procesos de selecci\u00f3n, o bien hasta que usted ejerza su derecho de supresi\u00f3n u oposici\u00f3n.<\/li><li>Los datos para el env\u00edo de <strong>comunicaciones comerciales <\/strong>de nuestros productos<\/li><\/ul>\n\n\n\n<p>servicios ser\u00e1n conservados hasta que usted nos comunique la revocaci\u00f3n de su consentimiento.<\/p>\n\n\n\n<p><strong>\u00bfQu\u00e9 derechos tiene el usuario web?<\/strong><\/p>\n\n\n\n<ul class=\"wp-block-list\"><li><strong>Derecho de acceso. <\/strong>Puede preguntar a P-60 Accountants, S.L. si est\u00e1 tratando sus datos, cu\u00e1les y de qu\u00e9 manera.<\/li><li><strong>Derecho de rectificaci\u00f3n. <\/strong>Puede pedir que se actualicen sus datos personales si son incorrectos, y suprimirlos si as\u00ed lo desea.<\/li><li><strong>Derecho de limitaci\u00f3n del tratamiento. <\/strong>En este caso \u00fanicamente ser\u00e1n conservados por P-60 Accountants, S.L. para el ejercicio o la defensa de reclamaciones.<\/li><li><strong>Derecho de oposici\u00f3n. <\/strong>Tras su solicitud de oposici\u00f3n al tratamiento, P-60 Accountants, S.L. dejar\u00e1 de tratar los datos en la forma indicada, salvo que por motivos leg\u00edtimos imperiosos o el ejercicio o la defensa de posibles reclamaciones, se deban de seguir tratando.<\/li><li><strong>Derecho a la portabilidad de los datos. <\/strong>En el caso de que solicite que sus datos sean tratados por otra empresa u organizaci\u00f3n, P-60 Accountants, S.L. facilitar\u00e1 la portabilidad de sus datos al nuevo responsable.<\/li><li><strong>Derecho de supresi\u00f3n. <\/strong>Puede solicitar que se eliminen sus datos cuando ya no sean necesarios para el tratamiento, tras la retirada de su consentimiento, considere que sea un tratamiento il\u00edcito o haya una obligaci\u00f3n legal de hacerlo. En cualquier caso, se analizar\u00e1 el supuesto y se aplicar\u00e1 la ley.<\/li><li><strong>Derecho a no ser objeto de una decisi\u00f3n basada \u00fanicamente en el tratamiento automatizado. <\/strong>Todo interesado tendr\u00e1 derecho a no ser objeto de una decisi\u00f3n basada \u00fanicamente en el tratamiento automatizado, incluida la elaboraci\u00f3n de perfiles, que produzca efectos jur\u00eddicos en \u00e9l o le afecte significativamente de modo similar. <strong>\u00bfC\u00f3mo puede ejercer sus derechos?<\/strong> Le informamos que puede ejercer los derechos de acceso, rectificaci\u00f3n, supresi\u00f3n,<\/li><\/ul>\n\n\n\n<p>limitaci\u00f3n del tratamiento, portabilidad de los datos, oposici\u00f3n a su tratamiento y a no ser objeto de decisiones individuales automatizadas, incluida la elaboraci\u00f3n de perfiles, mediante la remisi\u00f3n de correo electr\u00f3nico a info@p60.es acompa\u00f1ado de la documentaci\u00f3n e informaci\u00f3n acreditativa de su identidad o de la de sus representados o bien, si lo prefiere puede dirigirse por escrito a la P-60 Accountants, S.L., C.C. Valdepinos Local 23-24 &#8211; Urb Calypso 29649 Mijas Costa (M\u00e1laga), referenciando: \u201cejercicio de derechos\u201d.<\/p>\n\n\n\n<p>Si considera que el propio tratamiento, o bien, alguna de las fases del mismo, no se ajusta a la Normativa de Privacidad vigente, podr\u00e1 presentar una reclamaci\u00f3n ante la autoridad de control a trav\u00e9s de la web agpd.es.<\/p>\n\n\n\n<p><strong>Baja en el servicio del env\u00edo de comunicaciones comerciales (cumplimiento de la LSSI-CE -Ley 34\/2002, de 11 de julio, de Servicios de la Sociedad de la Informaci\u00f3n y Comercio Electr\u00f3nico-)<\/strong><\/p>\n\n\n\n<p>Tal y como se ha indicado en apartado anteriores, P-60 Accountants, S.L., solicitar\u00e1 y el usuario podr\u00e1 prestar su consentimiento para que, si as\u00ed lo desea, P-60 Accountants, S.L., pueda hacer uso de sus datos con el fin de enviarle informaci\u00f3n y publicidad tanto sobre el sitio web como las diferentes ofertas, promociones especiales y terceros prestadores del servicio.<\/p>\n\n\n\n<p>El usuario tendr\u00e1 derecho a revocar en cualquier momento el consentimiento prestado para el env\u00edo de comunicaciones comerciales con la simple notificaci\u00f3n a P- 60 Accountants, S.L. de que no desea seguir recibiendo comunicaciones comerciales.<\/p>\n\n\n\n<p><strong>\u00bfC\u00f3mo protegemos su informaci\u00f3n personal?<\/strong><\/p>\n\n\n\n<p>Nos comprometemos a proteger su informaci\u00f3n personal. Utilizamos las medidas t\u00e9cnicas y organizativas adecuadas, con la finalidad de proteger su informaci\u00f3n personal y su privacidad, evitando su alteraci\u00f3n, p\u00e9rdida, tratamiento o acceso no autorizado, de acuerdo con lo establecido por normativa aplicable, habida cuenta del estado de la tecnolog\u00eda, la naturaleza de los datos almacenados y los riesgos a que<\/p>\n\n\n\n<p>est\u00e1n expuestos, ya provengan de la acci\u00f3n humana o del medio f\u00edsico o natural, de acuerdo a lo establecido por la normativa aplicable.<\/p>\n\n\n\n<p>P-60 Accountants, S.L. en orden a reforzar la confidencialidad e integridad de la informaci\u00f3n en su organizaci\u00f3n, mantiene continuamente la supervisi\u00f3n, control y evaluaci\u00f3n de sus procesos para asegurar el respeto a la privacidad y la seguridad de la informaci\u00f3n, seg\u00fan los est\u00e1ndares internacionales.<\/p>\n\n\n\n<p>Tambi\u00e9n nos aseguramos de que nuestros empleados se encuentren debidamente capacitados para proteger su informaci\u00f3n personal.<\/p>\n\n\n\n<p>Nuestros procedimientos indican que es posible que le solicitemos prueba de identidad antes de compartir su informaci\u00f3n personal con usted.<\/p>\n\n\n\n<p>Conforme a nuestra garant\u00eda de seguridad y confidencialidad, estamos especialmente interesados en ofrecerle el m\u00e1s alto nivel de seguridad y proteger la confidencialidad de la informaci\u00f3n personal que nos aporta.<\/p>\n\n\n\n<p><strong>Modificaci\u00f3n de la Pol\u00edtica de Privacidad<\/strong><\/p>\n\n\n\n<p>Revisaremos y actualizaremos la informaci\u00f3n de protecci\u00f3n de datos cuando se produzcan modificaciones en la legislaci\u00f3n o en alguno de los procedimientos de tratamiento de su informaci\u00f3n personal, indicando la fecha de la \u00faltima actualizaci\u00f3n y el contenido modificado.<\/p>\n\n\n\n<p>Esta informaci\u00f3n de protecci\u00f3n de datos fue revisada y actualizada por \u00faltima vez en Septiembre de 2022.<\/p>","protected":false},"excerpt":{"rendered":"<p>En ocasiones, y por raz\u00f3n de nuestra actividad, P-60 Accountants, S.L., va a tratar datos de car\u00e1cter personal. En los siguientes apartados damos respuesta a algunas de las preguntas que pueden surgir en relaci\u00f3n a c\u00f3mo se tratan dichos datos, y cu\u00e1les son los compromisos que asume P-60 Accountants, S.L. a la hora de acceder, [&hellip;]<\/p>\n","protected":false},"author":1,"featured_media":0,"parent":0,"menu_order":0,"comment_status":"closed","ping_status":"closed","template":"","meta":{"_et_pb_use_builder":"","_et_pb_old_content":"","_et_gb_content_width":"","footnotes":""},"class_list":["post-3","page","type-page","status-publish","hentry"],"_links":{"self":[{"href":"https:\/\/p60.es\/en\/wp-json\/wp\/v2\/pages\/3","targetHints":{"allow":["GET"]}}],"collection":[{"href":"https:\/\/p60.es\/en\/wp-json\/wp\/v2\/pages"}],"about":[{"href":"https:\/\/p60.es\/en\/wp-json\/wp\/v2\/types\/page"}],"author":[{"embeddable":true,"href":"https:\/\/p60.es\/en\/wp-json\/wp\/v2\/users\/1"}],"replies":[{"embeddable":true,"href":"https:\/\/p60.es\/en\/wp-json\/wp\/v2\/comments?post=3"}],"version-history":[{"count":2,"href":"https:\/\/p60.es\/en\/wp-json\/wp\/v2\/pages\/3\/revisions"}],"predecessor-version":[{"id":22,"href":"https:\/\/p60.es\/en\/wp-json\/wp\/v2\/pages\/3\/revisions\/22"}],"wp:attachment":[{"href":"https:\/\/p60.es\/en\/wp-json\/wp\/v2\/media?parent=3"}],"curies":[{"name":"wp","href":"https:\/\/api.w.org\/{rel}","templated":true}]}}