{"id":31,"date":"2024-07-31T12:13:17","date_gmt":"2024-07-31T10:13:17","guid":{"rendered":"https:\/\/p60.es\/?page_id=31"},"modified":"2024-08-02T18:04:14","modified_gmt":"2024-08-02T16:04:14","slug":"nosotros","status":"publish","type":"page","link":"https:\/\/p60.es\/en\/nosotros\/","title":{"rendered":"About us"},"content":{"rendered":"<p>[et_pb_section fb_built=\u00bb1&#8243; next_background_color=\u00bb#ffffff\u00bb admin_label=\u00bbSecci\u00f3n hero\u00bb _builder_version=\u00bb4.27.0&#8243; _module_preset=\u00bbdefault\u00bb background_enable_color=\u00bboff\u00bb use_background_color_gradient=\u00bbon\u00bb background_color_gradient_direction=\u00bb90deg\u00bb background_color_gradient_stops=\u00bbrgba(0,0,0,0.5) 0%|rgba(255,255,255,0) 100%\u00bb background_image=\u00bbhttps:\/\/p60.es\/wp-content\/uploads\/2022\/05\/bg-oficina-p-60-mijas.jpg\u00bb background_blend=\u00bboverlay\u00bb min_height=\u00bb70vh\u00bb bottom_divider_style=\u00bbcurve2&#8243; bottom_divider_height=\u00bb30px\u00bb global_colors_info=\u00bb{}\u00bb][et_pb_row column_structure=\u00bb1_2,1_2&#8243; make_equal=\u00bbon\u00bb _builder_version=\u00bb4.27.0&#8243; _module_preset=\u00bbdefault\u00bb min_height=\u00bb65vh\u00bb global_colors_info=\u00bb{}\u00bb][et_pb_column type=\u00bb1_2&#8243; _builder_version=\u00bb4.27.0&#8243; _module_preset=\u00bbdefault\u00bb custom_padding=\u00bb||||false|false\u00bb custom_css_main_element=\u00bbmargin: auto;\u00bb global_colors_info=\u00bb{}\u00bb][et_pb_text _builder_version=\u00bb4.27.0&#8243; _module_preset=\u00bbdefault\u00bb text_font=\u00bb|600|||||||\u00bb text_text_color=\u00bb#F5F5F5&#8243; text_font_size=\u00bb1rem\u00bb text_line_height=\u00bb1.6rem\u00bb header_font=\u00bb|600|||||||\u00bb header_font_size=\u00bb3rem\u00bb header_line_height=\u00bb3.4rem\u00bb background_layout=\u00bbdark\u00bb global_colors_info=\u00bb{}\u00bb]<\/p>\n<p>Oficinas en Mijas Costa y Torremolinos<\/p>\n<h1>Nosotros, tu asesor\u00eda de confianza<\/h1>\n<p>[\/et_pb_text][et_pb_button button_url=\u00bb#nosotros\u00bb button_text=\u00bbSaber m\u00e1s\u00bb _builder_version=\u00bb4.27.0&#8243; _module_preset=\u00bbdefault\u00bb global_colors_info=\u00bb{}\u00bb][\/et_pb_button][\/et_pb_column][et_pb_column type=\u00bb1_2&#8243; _builder_version=\u00bb4.27.0&#8243; _module_preset=\u00bbdefault\u00bb global_colors_info=\u00bb{}\u00bb][\/et_pb_column][\/et_pb_row][\/et_pb_section][et_pb_section fb_built=\u00bb1&#8243; _builder_version=\u00bb4.27.0&#8243; _module_preset=\u00bbdefault\u00bb hover_enabled=\u00bb0&#8243; global_colors_info=\u00bb{}\u00bb module_id=\u00bbnosotros\u00bb sticky_enabled=\u00bb0&#8243;][et_pb_row column_structure=\u00bb1_2,1_2&#8243; make_equal=\u00bbon\u00bb _builder_version=\u00bb4.27.0&#8243; _module_preset=\u00bbdefault\u00bb global_colors_info=\u00bb{}\u00bb][et_pb_column type=\u00bb1_2&#8243; _builder_version=\u00bb4.27.0&#8243; _module_preset=\u00bbdefault\u00bb global_colors_info=\u00bb{}\u00bb][et_pb_text _builder_version=\u00bb4.27.0&#8243; _module_preset=\u00bbdefault\u00bb global_colors_info=\u00bb{}\u00bb]<\/p>\n<h1>Nosotros<\/h1>\n<p>[\/et_pb_text][et_pb_text _builder_version=\u00bb4.27.0&#8243; _module_preset=\u00bbdefault\u00bb global_colors_info=\u00bb{}\u00bb]<\/p>\n<p>En P-60 Asesor\u00eda Integral, nos distinguimos por la excelencia y formaci\u00f3n de nuestro equipo humano. Contamos con profesionales altamente cualificados, responsables y comprometidos con nuestros clientes, lo que nos permite gestionar con eficacia y confianza los aspectos m\u00e1s delicados de sus negocios y asuntos personales. Nuestro compromiso con la calidad y la \u00e9tica profesional se refleja en la satisfacci\u00f3n y fidelidad de nuestros clientes a lo largo de los a\u00f1os.<\/p>\n<p>Adaptamos nuestros servicios a las necesidades espec\u00edficas de cada cliente, ofreciendo soluciones personalizadas y efectivas. Adem\u00e1s, garantizamos una atenci\u00f3n cercana y personalizada tanto en espa\u00f1ol como en ingl\u00e9s, asegurando as\u00ed una comunicaci\u00f3n clara y eficiente. En P-60, trabajamos desde hace m\u00e1s de 20 a\u00f1os con integridad y dedicaci\u00f3n para proporcionar la tranquilidad y seguridad que nuestros clientes merecen.<\/p>\n<p>[\/et_pb_text][\/et_pb_column][et_pb_column type=\u00bb1_2&#8243; _builder_version=\u00bb4.27.0&#8243; _module_preset=\u00bbdefault\u00bb global_colors_info=\u00bb{}\u00bb][et_pb_image src=\u00bbhttps:\/\/p60.es\/wp-content\/uploads\/2024\/08\/p60-asesores.svg\u00bb alt=\u00bbP-60&#8243; title_text=\u00bbP-60&#8243; _builder_version=\u00bb4.27.0&#8243; _module_preset=\u00bbdefault\u00bb global_colors_info=\u00bb{}\u00bb][\/et_pb_image][\/et_pb_column][\/et_pb_row][\/et_pb_section]<\/p>\n","protected":false},"excerpt":{"rendered":"<p>Oficinas en Mijas Costa y Torremolinos Nosotros, tu asesor\u00eda de confianzaNosotrosEn P-60 Asesor\u00eda Integral, nos distinguimos por la excelencia y formaci\u00f3n de nuestro equipo humano. Contamos con profesionales altamente cualificados, responsables y comprometidos con nuestros clientes, lo que nos permite gestionar con eficacia y confianza los aspectos m\u00e1s delicados de sus negocios y asuntos personales. [&hellip;]<\/p>\n","protected":false},"author":1,"featured_media":0,"parent":0,"menu_order":0,"comment_status":"closed","ping_status":"closed","template":"","meta":{"_et_pb_use_builder":"on","_et_pb_old_content":"","_et_gb_content_width":"","footnotes":""},"class_list":["post-31","page","type-page","status-publish","hentry"],"_links":{"self":[{"href":"https:\/\/p60.es\/en\/wp-json\/wp\/v2\/pages\/31","targetHints":{"allow":["GET"]}}],"collection":[{"href":"https:\/\/p60.es\/en\/wp-json\/wp\/v2\/pages"}],"about":[{"href":"https:\/\/p60.es\/en\/wp-json\/wp\/v2\/types\/page"}],"author":[{"embeddable":true,"href":"https:\/\/p60.es\/en\/wp-json\/wp\/v2\/users\/1"}],"replies":[{"embeddable":true,"href":"https:\/\/p60.es\/en\/wp-json\/wp\/v2\/comments?post=31"}],"version-history":[{"count":7,"href":"https:\/\/p60.es\/en\/wp-json\/wp\/v2\/pages\/31\/revisions"}],"predecessor-version":[{"id":183,"href":"https:\/\/p60.es\/en\/wp-json\/wp\/v2\/pages\/31\/revisions\/183"}],"wp:attachment":[{"href":"https:\/\/p60.es\/en\/wp-json\/wp\/v2\/media?parent=31"}],"curies":[{"name":"wp","href":"https:\/\/api.w.org\/{rel}","templated":true}]}}