{"id":94,"date":"2024-08-02T12:42:38","date_gmt":"2024-08-02T10:42:38","guid":{"rendered":"https:\/\/p60.es\/?page_id=94"},"modified":"2024-08-02T17:38:24","modified_gmt":"2024-08-02T15:38:24","slug":"fiscal-contable","status":"publish","type":"page","link":"https:\/\/p60.es\/en\/fiscal-contable\/","title":{"rendered":"Tax and Accounting"},"content":{"rendered":"<p>[et_pb_section fb_built=\u00bb1&#8243; next_background_color=\u00bb#ffffff\u00bb _builder_version=\u00bb4.27.0&#8243; _module_preset=\u00bbdefault\u00bb background_enable_color=\u00bboff\u00bb use_background_color_gradient=\u00bbon\u00bb background_color_gradient_direction=\u00bb90deg\u00bb background_color_gradient_stops=\u00bbrgba(0,0,0,0.5) 0%|rgba(255,255,255,0) 100%\u00bb background_image=\u00bbhttps:\/\/p60.es\/wp-content\/uploads\/2024\/08\/servicio-fiscal-contable-3.jpg\u00bb background_blend=\u00bboverlay\u00bb min_height=\u00bb70vh\u00bb bottom_divider_style=\u00bbcurve2&#8243; bottom_divider_height=\u00bb30px\u00bb global_colors_info=\u00bb{}\u00bb][et_pb_row column_structure=\u00bb3_5,2_5&#8243; make_equal=\u00bbon\u00bb _builder_version=\u00bb4.27.0&#8243; _module_preset=\u00bbdefault\u00bb min_height=\u00bb65vh\u00bb global_colors_info=\u00bb{}\u00bb][et_pb_column type=\u00bb3_5&#8243; _builder_version=\u00bb4.27.0&#8243; _module_preset=\u00bbdefault\u00bb custom_padding=\u00bb||||false|false\u00bb custom_css_main_element=\u00bbmargin: auto;\u00bb global_colors_info=\u00bb{}\u00bb][et_pb_text _builder_version=\u00bb4.27.0&#8243; _module_preset=\u00bbdefault\u00bb text_font=\u00bb|600|||||||\u00bb text_text_color=\u00bb#F5F5F5&#8243; text_font_size=\u00bb1rem\u00bb text_line_height=\u00bb1.6rem\u00bb header_font=\u00bb|600|||||||\u00bb header_font_size=\u00bb3rem\u00bb header_line_height=\u00bb3.4rem\u00bb background_layout=\u00bbdark\u00bb global_colors_info=\u00bb{}\u00bb]<\/p>\n<p>Oficinas en Mijas Costa y Torremolinos<\/p>\n<h1>Fiscal y Contable<\/h1>\n<p>[\/et_pb_text][et_pb_button button_url=\u00bb#detalles\u00bb button_text=\u00bbSaber m\u00e1s\u00bb _builder_version=\u00bb4.27.0&#8243; _module_preset=\u00bbdefault\u00bb global_colors_info=\u00bb{}\u00bb][\/et_pb_button][\/et_pb_column][et_pb_column type=\u00bb2_5&#8243; _builder_version=\u00bb4.27.0&#8243; _module_preset=\u00bbdefault\u00bb global_colors_info=\u00bb{}\u00bb][\/et_pb_column][\/et_pb_row][\/et_pb_section][et_pb_section fb_built=\u00bb1&#8243; module_id=\u00bbdetalles\u00bb _builder_version=\u00bb4.27.0&#8243; _module_preset=\u00bbdefault\u00bb custom_padding=\u00bb5vh||5vh||true|false\u00bb global_colors_info=\u00bb{}\u00bb][et_pb_row _builder_version=\u00bb4.27.0&#8243; _module_preset=\u00bbdefault\u00bb global_colors_info=\u00bb{}\u00bb][et_pb_column type=\u00bb4_4&#8243; _builder_version=\u00bb4.27.0&#8243; _module_preset=\u00bbdefault\u00bb global_colors_info=\u00bb{}\u00bb][et_pb_text _builder_version=\u00bb4.27.0&#8243; _module_preset=\u00bbdefault\u00bb hover_enabled=\u00bb0&#8243; global_colors_info=\u00bb{}\u00bb sticky_enabled=\u00bb0&#8243;]<\/p>\n<p>Asesoramiento en la gesti\u00f3n de impuestos como persona f\u00edsica\/aut\u00f3nomo o persona jur\u00eddica\/Sociedad Limitada o Sociedad Civil, residente o no residente: Impuesto sobre la Renta y Patrimonio de las personas f\u00edsicas.<\/p>\n<p>&nbsp;<\/p>\n<ul>\n<li>Recepci\u00f3n de documentaci\u00f3n contable (facturas de ingresos y gastos y extractos bancarios de la sociedad).<\/li>\n<li>Preparaci\u00f3n puntual de la contabilidad correspondiente.<\/li>\n<li>Contactos con proveedores.<\/li>\n<li>Gesti\u00f3n de impuestos trimestrales y res\u00famenes anuales.<\/li>\n<li>Pagos fraccionados y Retenciones.<\/li>\n<li>Confecci\u00f3n de libros de IVA y dem\u00e1s documentaci\u00f3n requerida por Hacienda.<\/li>\n<li>Tramitaci\u00f3n de requerimientos efectuados por la AEAT, comunicaciones o cartas de aviso recibidas por el cliente.<\/li>\n<li>Inspecciones fiscales, recursos y reclamaciones.<\/li>\n<li>Confecci\u00f3n y tramitaci\u00f3n de libros oficiales y cuentas anuales.<\/li>\n<li>Confecci\u00f3n y tramitaci\u00f3n del Impuesto de Sociedades.<\/li>\n<li>Tramitaci\u00f3n de embargos<\/li>\n<li>Asistencia y asesoramiento en la tramitaci\u00f3n de escrituras en notar\u00edas en relaci\u00f3n a operaciones societarias.<\/li>\n<li>Asistencia y asesoramiento en la tramitaci\u00f3n y gestiones a realizar ante organismos oficiales tales como Ayuntamientos, Junta de Andaluc\u00eda, Registros, etc.<\/li>\n<li>Revisi\u00f3n peri\u00f3dica de los estados contables y asesoramiento sobre la situaci\u00f3n contable y fiscal de la empresa.<\/li>\n<li>Preparaci\u00f3n de informes contables y de gesti\u00f3n.<\/li>\n<li>Embargos de deudas y cr\u00e9ditos<\/li>\n<\/ul>\n<p>[\/et_pb_text][\/et_pb_column][\/et_pb_row][\/et_pb_section]<\/p>\n","protected":false},"excerpt":{"rendered":"<p>Oficinas en Mijas Costa y Torremolinos Fiscal y ContableAsesoramiento en la gesti\u00f3n de impuestos como persona f\u00edsica\/aut\u00f3nomo o persona jur\u00eddica\/Sociedad Limitada o Sociedad Civil, residente o no residente: Impuesto sobre la Renta y Patrimonio de las personas f\u00edsicas. &nbsp; Recepci\u00f3n de documentaci\u00f3n contable (facturas de ingresos y gastos y extractos bancarios de la sociedad). Preparaci\u00f3n [&hellip;]<\/p>\n","protected":false},"author":1,"featured_media":0,"parent":0,"menu_order":0,"comment_status":"closed","ping_status":"closed","template":"","meta":{"_et_pb_use_builder":"on","_et_pb_old_content":"","_et_gb_content_width":"","footnotes":""},"class_list":["post-94","page","type-page","status-publish","hentry"],"_links":{"self":[{"href":"https:\/\/p60.es\/en\/wp-json\/wp\/v2\/pages\/94","targetHints":{"allow":["GET"]}}],"collection":[{"href":"https:\/\/p60.es\/en\/wp-json\/wp\/v2\/pages"}],"about":[{"href":"https:\/\/p60.es\/en\/wp-json\/wp\/v2\/types\/page"}],"author":[{"embeddable":true,"href":"https:\/\/p60.es\/en\/wp-json\/wp\/v2\/users\/1"}],"replies":[{"embeddable":true,"href":"https:\/\/p60.es\/en\/wp-json\/wp\/v2\/comments?post=94"}],"version-history":[{"count":6,"href":"https:\/\/p60.es\/en\/wp-json\/wp\/v2\/pages\/94\/revisions"}],"predecessor-version":[{"id":175,"href":"https:\/\/p60.es\/en\/wp-json\/wp\/v2\/pages\/94\/revisions\/175"}],"wp:attachment":[{"href":"https:\/\/p60.es\/en\/wp-json\/wp\/v2\/media?parent=94"}],"curies":[{"name":"wp","href":"https:\/\/api.w.org\/{rel}","templated":true}]}}